{"id":60,"date":"2010-01-07T12:58:02","date_gmt":"2010-01-07T11:58:02","guid":{"rendered":"http:\/\/bethusyfc.froid.ch\/wp\/?page_id=60"},"modified":"2023-01-17T14:55:33","modified_gmt":"2023-01-17T13:55:33","slug":"histoire","status":"publish","type":"page","link":"https:\/\/www.bethusyfc.ch\/?page_id=60","title":{"rendered":"HISTORIQUE"},"content":{"rendered":"\t\t<div data-elementor-type=\"wp-page\" data-elementor-id=\"60\" class=\"elementor elementor-60\">\n\t\t\t\t\t\t\t\t\t<section class=\"elementor-section elementor-top-section elementor-element elementor-element-327e52b elementor-section-full_width elementor-section-height-default elementor-section-height-default\" data-id=\"327e52b\" data-element_type=\"section\" data-settings=\"{&quot;background_background&quot;:&quot;classic&quot;}\">\n\t\t\t\t\t\t<div class=\"elementor-container elementor-column-gap-default\">\n\t\t\t\t\t<div class=\"elementor-column elementor-col-100 elementor-top-column elementor-element elementor-element-6d90449\" data-id=\"6d90449\" data-element_type=\"column\" data-settings=\"{&quot;background_background&quot;:&quot;classic&quot;}\">\n\t\t\t<div class=\"elementor-widget-wrap elementor-element-populated\">\n\t\t\t\t\t<div class=\"elementor-background-overlay\"><\/div>\n\t\t\t\t\t\t\t\t<div class=\"elementor-element elementor-element-12fee0d elementor-widget elementor-widget-heading\" data-id=\"12fee0d\" data-element_type=\"widget\" data-widget_type=\"heading.default\">\n\t\t\t\t<div class=\"elementor-widget-container\">\n\t\t\t<style>\/*! elementor - v3.16.0 - 17-10-2023 *\/\n.elementor-heading-title{padding:0;margin:0;line-height:1}.elementor-widget-heading .elementor-heading-title[class*=elementor-size-]>a{color:inherit;font-size:inherit;line-height:inherit}.elementor-widget-heading .elementor-heading-title.elementor-size-small{font-size:15px}.elementor-widget-heading .elementor-heading-title.elementor-size-medium{font-size:19px}.elementor-widget-heading .elementor-heading-title.elementor-size-large{font-size:29px}.elementor-widget-heading .elementor-heading-title.elementor-size-xl{font-size:39px}.elementor-widget-heading .elementor-heading-title.elementor-size-xxl{font-size:59px}<\/style><h1 class=\"elementor-heading-title elementor-size-default\">HISTORIQUE<\/h1>\t\t<\/div>\n\t\t\t\t<\/div>\n\t\t\t\t<div class=\"elementor-element elementor-element-47a26eba elementor-widget__width-initial elementor-widget elementor-widget-text-editor\" data-id=\"47a26eba\" data-element_type=\"widget\" data-widget_type=\"text-editor.default\">\n\t\t\t\t<div class=\"elementor-widget-container\">\n\t\t\t<style>\/*! elementor - v3.16.0 - 17-10-2023 *\/\n.elementor-widget-text-editor.elementor-drop-cap-view-stacked .elementor-drop-cap{background-color:#69727d;color:#fff}.elementor-widget-text-editor.elementor-drop-cap-view-framed .elementor-drop-cap{color:#69727d;border:3px solid;background-color:transparent}.elementor-widget-text-editor:not(.elementor-drop-cap-view-default) .elementor-drop-cap{margin-top:8px}.elementor-widget-text-editor:not(.elementor-drop-cap-view-default) .elementor-drop-cap-letter{width:1em;height:1em}.elementor-widget-text-editor .elementor-drop-cap{float:left;text-align:center;line-height:1;font-size:50px}.elementor-widget-text-editor .elementor-drop-cap-letter{display:inline-block}<\/style>\t\t\t\t<p>Le fc B\u00e9thusy (\u00e0 l&#8217;\u00e9poque fc Chailly-Semaine) a \u00e9t\u00e9 fond\u00e9 par une douzaine d&#8217;apprentis et d&#8217;\u00e9tudiants le 11 mai 1956. Ces jeunes gens d\u00e9siraient pratiquer leur sport favori dans un esprit ax\u00e9 sur le plus pur amateurisme. La possibilit\u00e9 de participer dans le cadre de la L.R.F. \u00e0 un championnat jou\u00e9 en semaine et pas trop long avait fait lever bien des vetos paternels (la profession d&#8217;abord, le foot apr\u00e8s.<\/p><p>Les membres fondateurs s&#8217;\u00e9taient rencontr\u00e9s et avaient nou\u00e9 amiti\u00e9 dans le cadre des UCJG de Chailly-Semaine. L&#8217;id\u00e9e premi\u00e8re avait \u00e9t\u00e9 de former une sous-section unioniste de football et de faire ainsi \u00e9voluer sur un lieu sportif une \u00e9quipe avec une banni\u00e8re inhabituelle. Mais de tr\u00e8s vives oppositions se manif\u00e8st\u00e8rent dans les cadres dirigeants UCJG de l&#8217;\u00e9poque qui ne voyaient pas d&#8217;un tr\u00e8s bon oeil l&#8217;intrusion du sport actif dans le mouvement. Les choses se passeraient aujourd&#8217;hui de mani\u00e8re diff\u00e9rente puisqu&#8217; actuellement joue \u00e0 la LRF une \u00e9quipe UCJG de Vevey.<\/p><p>La d\u00e9ception f\u00fbt assez vive sur le moment et il fallut toute l&#8217;\u00e9nergie de F.Druey pour placer le projet sur d&#8217;autres voies plus difficiles: fonder un club ind\u00e9pendant. Avec le recul des ans, l&#8217;obligation qui nous f\u00fbt faite de voler de nos propres ailes s&#8217;est av\u00e9r\u00e9e heureuse: La soci\u00e9t\u00e9-m\u00e8re des UCJG de Chailly n&#8217;existe plus comme telle depuis quelques ann\u00e9es.<\/p>\t\t\t\t\t\t<\/div>\n\t\t\t\t<\/div>\n\t\t\t\t\t<\/div>\n\t\t<\/div>\n\t\t\t\t\t\t\t<\/div>\n\t\t<\/section>\n\t\t\t\t<section class=\"elementor-section elementor-top-section elementor-element elementor-element-8db9ce4 elementor-section-boxed elementor-section-height-default elementor-section-height-default\" data-id=\"8db9ce4\" data-element_type=\"section\">\n\t\t\t\t\t\t<div class=\"elementor-container elementor-column-gap-default\">\n\t\t\t\t\t<div class=\"elementor-column elementor-col-100 elementor-top-column elementor-element elementor-element-7d524a2\" data-id=\"7d524a2\" data-element_type=\"column\">\n\t\t\t<div class=\"elementor-widget-wrap elementor-element-populated\">\n\t\t\t\t\t\t\t\t<div class=\"elementor-element elementor-element-48f7d99 elementor-widget elementor-widget-spacer\" data-id=\"48f7d99\" data-element_type=\"widget\" data-widget_type=\"spacer.default\">\n\t\t\t\t<div class=\"elementor-widget-container\">\n\t\t\t<style>\/*! elementor - v3.16.0 - 17-10-2023 *\/\n.elementor-column .elementor-spacer-inner{height:var(--spacer-size)}.e-con{--container-widget-width:100%}.e-con-inner>.elementor-widget-spacer,.e-con>.elementor-widget-spacer{width:var(--container-widget-width,var(--spacer-size));--align-self:var(--container-widget-align-self,initial);--flex-shrink:0}.e-con-inner>.elementor-widget-spacer>.elementor-widget-container,.e-con>.elementor-widget-spacer>.elementor-widget-container{height:100%;width:100%}.e-con-inner>.elementor-widget-spacer>.elementor-widget-container>.elementor-spacer,.e-con>.elementor-widget-spacer>.elementor-widget-container>.elementor-spacer{height:100%}.e-con-inner>.elementor-widget-spacer>.elementor-widget-container>.elementor-spacer>.elementor-spacer-inner,.e-con>.elementor-widget-spacer>.elementor-widget-container>.elementor-spacer>.elementor-spacer-inner{height:var(--container-widget-height,var(--spacer-size))}.e-con-inner>.elementor-widget-spacer.elementor-widget-empty,.e-con>.elementor-widget-spacer.elementor-widget-empty{position:relative;min-height:22px;min-width:22px}.e-con-inner>.elementor-widget-spacer.elementor-widget-empty .elementor-widget-empty-icon,.e-con>.elementor-widget-spacer.elementor-widget-empty .elementor-widget-empty-icon{position:absolute;top:0;bottom:0;left:0;right:0;margin:auto;padding:0;width:22px;height:22px}<\/style>\t\t<div class=\"elementor-spacer\">\n\t\t\t<div class=\"elementor-spacer-inner\"><\/div>\n\t\t<\/div>\n\t\t\t\t<\/div>\n\t\t\t\t<\/div>\n\t\t\t\t<div class=\"elementor-element elementor-element-5f1b466 elementor-widget__width-initial elementor-widget elementor-widget-text-editor\" data-id=\"5f1b466\" data-element_type=\"widget\" data-widget_type=\"text-editor.default\">\n\t\t\t\t<div class=\"elementor-widget-container\">\n\t\t\t\t\t\t\t<p>L&#8217;admission du fc Chailly-Semaine au sein de la LRF a \u00e9t\u00e9 enterin\u00e9e le 3 septembre 1956; la question lancinante du futur terrain de nos exploits avait \u00e9t\u00e9 r\u00e9solue gr\u00e2ce \u00e0 la compr\u00e9hension du fc Chailly qui nous accueillit comme \u00e9quipe semaine et nous permit d&#8217;\u00e9voluer sur le stade de la Sallaz. Depuis 1956 et jusqu&#8217;en 1962, l&#8217;histoire de notre club est tr\u00e8s proche de celle du fc Chailly: pr\u00e9sence active de nos membres lors des lotos et des soir\u00e9es, supporters inconditionnels de l&#8217;\u00e9quipe fanion du club. Il est agr\u00e9able de contater que les comit\u00e9s de la LRF et du fc Chailly ont eu infiniment de compr\u00e9hension \u00e0 notre \u00e9gard et nous ont t\u00e9moign\u00e9s une tr\u00e8s grande confiance: notre carte de visite \u00e9tait fort modeste et nos assises financi\u00e8res loin d&#8217;\u00eatre assur\u00e9es!<\/p>\t\t\t\t\t\t<\/div>\n\t\t\t\t<\/div>\n\t\t\t\t<div class=\"elementor-element elementor-element-e4372f0 elementor-widget elementor-widget-spacer\" data-id=\"e4372f0\" data-element_type=\"widget\" data-widget_type=\"spacer.default\">\n\t\t\t\t<div class=\"elementor-widget-container\">\n\t\t\t\t\t<div class=\"elementor-spacer\">\n\t\t\t<div class=\"elementor-spacer-inner\"><\/div>\n\t\t<\/div>\n\t\t\t\t<\/div>\n\t\t\t\t<\/div>\n\t\t\t\t<div class=\"elementor-element elementor-element-e9fc698 elementor-widget elementor-widget-image\" data-id=\"e9fc698\" data-element_type=\"widget\" data-widget_type=\"image.default\">\n\t\t\t\t<div class=\"elementor-widget-container\">\n\t\t\t<style>\/*! elementor - v3.16.0 - 17-10-2023 *\/\n.elementor-widget-image{text-align:center}.elementor-widget-image a{display:inline-block}.elementor-widget-image a img[src$=\".svg\"]{width:48px}.elementor-widget-image img{vertical-align:middle;display:inline-block}<\/style>\t\t\t\t\t\t\t\t\t\t\t\t<img decoding=\"async\" src=\"https:\/\/www.bethusyfc.ch\/wp-content\/uploads\/2010\/01\/fcbold1.jpg\" title=\"fcbold1\" alt=\"fcbold1\" loading=\"lazy\" \/>\t\t\t\t\t\t\t\t\t\t\t\t\t\t\t<\/div>\n\t\t\t\t<\/div>\n\t\t\t\t<div class=\"elementor-element elementor-element-ba34354 elementor-widget elementor-widget-spacer\" data-id=\"ba34354\" data-element_type=\"widget\" data-widget_type=\"spacer.default\">\n\t\t\t\t<div class=\"elementor-widget-container\">\n\t\t\t\t\t<div class=\"elementor-spacer\">\n\t\t\t<div class=\"elementor-spacer-inner\"><\/div>\n\t\t<\/div>\n\t\t\t\t<\/div>\n\t\t\t\t<\/div>\n\t\t\t\t<div class=\"elementor-element elementor-element-65487b0 elementor-widget__width-initial elementor-widget elementor-widget-text-editor\" data-id=\"65487b0\" data-element_type=\"widget\" data-widget_type=\"text-editor.default\">\n\t\t\t\t<div class=\"elementor-widget-container\">\n\t\t\t\t\t\t\t<p>Le fc Chailly-Semaine \u00e9volua d&#8217;abord dans le groupe B de la LRF; il f\u00fbt plac\u00e9 dans le groupe A en 1960 \u00e0 l&#8217;occasion d&#8217;une r\u00e9organisation de championat. D\u00e9part en fanfare la premi\u00e8re ann\u00e9e: 2\u00e8me sur 5 \u00e9quipes en 1956 (8 matchs 10 points); premier au prix de bonne tenue: ce f\u00fbt d&#8217;ailleurs la seule fois en 20 ans! Le ballon donn\u00e9 en r\u00e9compense avait \u00e9t\u00e9 le bienvenu. Cette premi\u00e8re saison vit le Chailly-Semaine recevoir une de ses plus s\u00e9rieuses corrections de son histoire: 11 \u00e0 0 contre Cheminots A. La gazette de Lausanne du 16 novembre 1956 s&#8217;en f\u00eet m\u00eame l&#8217;\u00e9cho; citons le chroniqueur de l&#8217;\u00e9poque dans sa conclusion: &#8220;Chailly-Semaine encaissa passivement 11 buts sans sauver l&#8217;honneur, si honneur il y avait!&#8221;.<\/p><p style=\"text-align: justify;\">Pendant les premi\u00e8res ann\u00e9es, le club se distingua par ses r\u00e9sultats en dents de scie: victoire contre les favoris et dilution devant les \u00e9quipes moins hupp\u00e9es, avec r\u00e9sultat final un classement moyen. Le moral \u00e9tait fluctuant: les difficult\u00e9s d\u00e9coulant du service militaire ou de l&#8217;entr\u00e9e dans la vie professionnelle des membres aggravaient souvent la situation.<\/p><p style=\"text-align: justify;\">Le 8 septembre 1962, le Chailly-Semaine prenait le nom de fc B\u00e9thusy-Sport, l&#8217;ASFA ne nous autorisant plus \u00e0 porter le nom de l&#8217;un des ses affili\u00e9s. L&#8217;utilisation du terrain de la Sallaz devint al\u00e9atoire et nos recherches aboutirent \u00e0 l&#8217;heureuse solution de pouvoir b\u00e9n\u00e9ficier du terrain de la maison d&#8217;\u00e9ducation de Vennes.<\/p><p style=\"text-align: justify;\">Tir\u00e9 de la plaquette \u00e9dit\u00e9e en 1976 pour le 20\u00e8me anniversaire du Club et sign\u00e9 G.M.<\/p>\t\t\t\t\t\t<\/div>\n\t\t\t\t<\/div>\n\t\t\t\t<div class=\"elementor-element elementor-element-f307b8c elementor-widget elementor-widget-spacer\" data-id=\"f307b8c\" data-element_type=\"widget\" data-widget_type=\"spacer.default\">\n\t\t\t\t<div class=\"elementor-widget-container\">\n\t\t\t\t\t<div class=\"elementor-spacer\">\n\t\t\t<div class=\"elementor-spacer-inner\"><\/div>\n\t\t<\/div>\n\t\t\t\t<\/div>\n\t\t\t\t<\/div>\n\t\t\t\t\t<\/div>\n\t\t<\/div>\n\t\t\t\t\t\t\t<\/div>\n\t\t<\/section>\n\t\t\t\t\t\t\t<\/div>\n\t\t","protected":false},"excerpt":{"rendered":"<p>HISTORIQUE Le fc B\u00e9thusy (\u00e0 l&#8217;\u00e9poque fc Chailly-Semaine) a \u00e9t\u00e9 fond\u00e9 par une douzaine d&#8217;apprentis et d&#8217;\u00e9tudiants le 11 mai 1956. Ces jeunes gens d\u00e9siraient pratiquer leur sport favori dans un esprit ax\u00e9 sur le plus pur amateurisme. La possibilit\u00e9 de participer dans le cadre de la L.R.F. \u00e0 un championnat jou\u00e9 en semaine et [&hellip;]<\/p>\n","protected":false},"author":2,"featured_media":0,"parent":10,"menu_order":1,"comment_status":"closed","ping_status":"closed","template":"","meta":{"_eb_attr":"","footnotes":""},"class_list":["post-60","page","type-page","status-publish","hentry"],"aioseo_notices":[],"_links":{"self":[{"href":"https:\/\/www.bethusyfc.ch\/index.php?rest_route=\/wp\/v2\/pages\/60","targetHints":{"allow":["GET"]}}],"collection":[{"href":"https:\/\/www.bethusyfc.ch\/index.php?rest_route=\/wp\/v2\/pages"}],"about":[{"href":"https:\/\/www.bethusyfc.ch\/index.php?rest_route=\/wp\/v2\/types\/page"}],"author":[{"embeddable":true,"href":"https:\/\/www.bethusyfc.ch\/index.php?rest_route=\/wp\/v2\/users\/2"}],"replies":[{"embeddable":true,"href":"https:\/\/www.bethusyfc.ch\/index.php?rest_route=%2Fwp%2Fv2%2Fcomments&post=60"}],"version-history":[{"count":122,"href":"https:\/\/www.bethusyfc.ch\/index.php?rest_route=\/wp\/v2\/pages\/60\/revisions"}],"predecessor-version":[{"id":9310,"href":"https:\/\/www.bethusyfc.ch\/index.php?rest_route=\/wp\/v2\/pages\/60\/revisions\/9310"}],"up":[{"embeddable":true,"href":"https:\/\/www.bethusyfc.ch\/index.php?rest_route=\/wp\/v2\/pages\/10"}],"wp:attachment":[{"href":"https:\/\/www.bethusyfc.ch\/index.php?rest_route=%2Fwp%2Fv2%2Fmedia&parent=60"}],"curies":[{"name":"wp","href":"https:\/\/api.w.org\/{rel}","templated":true}]}}